{"id":140,"date":"2024-12-08T14:50:12","date_gmt":"2024-12-08T13:50:12","guid":{"rendered":"https:\/\/domainelesriquets.fr\/?page_id=140"},"modified":"2025-07-05T00:27:32","modified_gmt":"2025-07-04T22:27:32","slug":"lhistoire-du-domaine","status":"publish","type":"page","link":"https:\/\/domainelesriquets.fr\/index.php\/lhistoire-du-domaine\/","title":{"rendered":"L&rsquo;histoire du domaine"},"content":{"rendered":"\n<p>Domaine de 6 g\u00e9n\u00e9rations, le domaine des hauts de riquets poss\u00e8de une histoire riche.<\/p>\n\n\n\n<p>Avant d&rsquo;etre une ferme, le lieu \u00e9tait au d\u00e9but du XVIIIune \u00e9cole regroupant les 3 communes aux alentours.<\/p>\n\n\n\n<p>Ensuite, les bireauds, des gavaches venus du centre de la France s&rsquo;installe dans le pays de Duras sur ce lieu et pratique une agriculture diversifi\u00e9e.<\/p>\n\n\n\n<p>L&rsquo;\u00e9levage, la culture de fruitiers, les c\u00e9r\u00e9ales, les l\u00e9gumes, le tabac, les prairies sont choy\u00e9es et de petites tailles. Le paysage vallon\u00e9 et la diversit\u00e9 de culture donne un c\u00f4t\u00e9 buccolique et tr\u00e8s inspirant au quotidien.<\/p>\n\n\n\n<p>La nature est reine, le vivant a toute sa place et rayonne la vie sur lieu. Chaque parcelle a sa place et une destination coh\u00e9rente \u00e0 chaque endroit.<\/p>\n\n\n\n<p>Aujourd&rsquo;hui, nous avons \u00e0 coeur de poursuivre ses traditions et ce bon sens paysan.<\/p>\n\n\n\n<p>Le choix de cultiver sur des sols vivants, de revitaliser les sols, la biodiversit\u00e9, de travailler main dans la main avec la nature, en choisissant de travailler sur de petites parcelles est une \u00e9vidence.<\/p>\n","protected":false},"excerpt":{"rendered":"<p>Domaine de 6 g\u00e9n\u00e9rations, le domaine des hauts de riquets poss\u00e8de une histoire riche. Avant d&rsquo;etre une ferme, le lieu \u00e9tait au d\u00e9but du XVIIIune \u00e9cole regroupant les 3 communes aux alentours. Ensuite, les bireauds, des gavaches venus du centre de la France s&rsquo;installe dans le pays de Duras sur ce lieu et pratique une [&hellip;]<\/p>\n","protected":false},"author":1,"featured_media":0,"parent":0,"menu_order":0,"comment_status":"closed","ping_status":"closed","template":"","meta":{"_themeisle_gutenberg_block_has_review":false,"footnotes":""},"class_list":["post-140","page","type-page","status-publish","hentry"],"_links":{"self":[{"href":"https:\/\/domainelesriquets.fr\/index.php\/wp-json\/wp\/v2\/pages\/140","targetHints":{"allow":["GET"]}}],"collection":[{"href":"https:\/\/domainelesriquets.fr\/index.php\/wp-json\/wp\/v2\/pages"}],"about":[{"href":"https:\/\/domainelesriquets.fr\/index.php\/wp-json\/wp\/v2\/types\/page"}],"author":[{"embeddable":true,"href":"https:\/\/domainelesriquets.fr\/index.php\/wp-json\/wp\/v2\/users\/1"}],"replies":[{"embeddable":true,"href":"https:\/\/domainelesriquets.fr\/index.php\/wp-json\/wp\/v2\/comments?post=140"}],"version-history":[{"count":3,"href":"https:\/\/domainelesriquets.fr\/index.php\/wp-json\/wp\/v2\/pages\/140\/revisions"}],"predecessor-version":[{"id":189,"href":"https:\/\/domainelesriquets.fr\/index.php\/wp-json\/wp\/v2\/pages\/140\/revisions\/189"}],"wp:attachment":[{"href":"https:\/\/domainelesriquets.fr\/index.php\/wp-json\/wp\/v2\/media?parent=140"}],"curies":[{"name":"wp","href":"https:\/\/api.w.org\/{rel}","templated":true}]}}